{"id":2380,"date":"2025-12-22T23:19:31","date_gmt":"2025-12-22T23:19:31","guid":{"rendered":"https:\/\/build.joliflair.com\/?page_id=2380"},"modified":"2025-12-22T23:54:52","modified_gmt":"2025-12-22T23:54:52","slug":"dieu-khoan-su-dung","status":"publish","type":"page","link":"https:\/\/build.joliflair.com\/fr\/dieu-khoan-su-dung\/","title":{"rendered":"\u0110i\u1ec1u Kho\u1ea3n S\u1eed D\u1ee5ng"},"content":{"rendered":"<div data-elementor-type=\"wp-page\" data-elementor-id=\"2380\" class=\"elementor elementor-2380\" data-elementor-post-type=\"page\">\n\t\t\t\t<div class=\"elementor-element elementor-element-40f51c9 e-flex e-con-boxed e-con e-parent\" data-id=\"40f51c9\" data-element_type=\"container\">\n\t\t\t\t\t<div class=\"e-con-inner\">\n\t\t\t\t<div class=\"elementor-element elementor-element-96432d7 elementor-widget elementor-widget-spacer\" data-id=\"96432d7\" data-element_type=\"widget\" data-widget_type=\"spacer.default\">\n\t\t\t\t<div class=\"elementor-widget-container\">\n\t\t\t\t\t\t\t<div class=\"elementor-spacer\">\n\t\t\t<div class=\"elementor-spacer-inner\"><\/div>\n\t\t<\/div>\n\t\t\t\t\t\t<\/div>\n\t\t\t\t<\/div>\n\t\t\t\t\t<\/div>\n\t\t\t\t<\/div>\n\t\t<div class=\"elementor-element elementor-element-7ddd261 e-con-full e-flex e-con e-parent\" data-id=\"7ddd261\" data-element_type=\"container\">\n\t\t\t\t<div class=\"elementor-element elementor-element-49daf75 elementor-widget elementor-widget-heading\" data-id=\"49daf75\" data-element_type=\"widget\" data-widget_type=\"heading.default\">\n\t\t\t\t<div class=\"elementor-widget-container\">\n\t\t\t\t\t<h2 class=\"elementor-heading-title elementor-size-default\">\u0110i\u1ec1u Kho\u1ea3n S\u1eed D\u1ee5ng \u2013 JOLIFLAIR<\/h2>\t\t\t\t<\/div>\n\t\t\t\t<\/div>\n\t\t\t\t<div class=\"elementor-element elementor-element-a828053 elementor-widget elementor-widget-text-editor\" data-id=\"a828053\" data-element_type=\"widget\" data-widget_type=\"text-editor.default\">\n\t\t\t\t<div class=\"elementor-widget-container\">\n\t\t\t\t\t\t\t\t\t<h2 data-start=\"231\" data-end=\"244\">1. L\u1eddi \u0111\u1ea7u<\/h2><p data-start=\"245\" data-end=\"529\">Ch\u00e0o m\u1eebng Qu\u00fd kh\u00e1ch h\u00e0ng v\u00e0 \u0111\u1ed1i t\u00e1c \u0111\u1ebfn v\u1edbi website <strong data-start=\"297\" data-end=\"310\">JOLIFLAIR<\/strong>. Khi truy c\u1eadp v\u00e0 s\u1eed d\u1ee5ng website n\u00e0y, Qu\u00fd v\u1ecb \u0111\u1ed3ng \u00fd tu\u00e2n th\u1ee7 c\u00e1c <strong data-start=\"376\" data-end=\"398\">\u0110i\u1ec1u Kho\u1ea3n S\u1eed D\u1ee5ng<\/strong> sau. N\u1ebfu Qu\u00fd v\u1ecb kh\u00f4ng \u0111\u1ed3ng \u00fd v\u1edbi b\u1ea5t k\u1ef3 \u0111i\u1ec1u kho\u1ea3n n\u00e0o, vui l\u00f2ng kh\u00f4ng s\u1eed d\u1ee5ng website ho\u1eb7c c\u00e1c d\u1ecbch v\u1ee5 li\u00ean quan c\u1ee7a JOLIFLAIR.<\/p><h2 data-start=\"536\" data-end=\"562\">2. Quy\u1ec1n s\u1edf h\u1eefu tr\u00ed tu\u1ec7<\/h2><ul data-start=\"563\" data-end=\"937\"><li data-start=\"563\" data-end=\"785\"><p data-start=\"565\" data-end=\"785\">T\u1ea5t c\u1ea3 n\u1ed9i dung tr\u00ean website, bao g\u1ed3m nh\u01b0ng kh\u00f4ng gi\u1edbi h\u1ea1n: v\u0103n b\u1ea3n, h\u00ecnh \u1ea3nh, logo, video, th\u01b0\u01a1ng hi\u1ec7u, thi\u1ebft k\u1ebf, v\u00e0 c\u00e1c t\u00e0i li\u1ec7u li\u00ean quan, \u0111\u1ec1u thu\u1ed9c quy\u1ec1n s\u1edf h\u1eefu c\u1ee7a <strong data-start=\"734\" data-end=\"747\">JOLIFLAIR<\/strong> ho\u1eb7c c\u00e1c \u0111\u1ed1i t\u00e1c \u0111\u01b0\u1ee3c ph\u00e9p s\u1eed d\u1ee5ng.<\/p><\/li><li data-start=\"786\" data-end=\"937\"><p data-start=\"788\" data-end=\"937\">Nghi\u00eam c\u1ea5m sao ch\u00e9p, t\u00e1i s\u1eed d\u1ee5ng, ch\u1ec9nh s\u1eeda, ph\u00e2n ph\u1ed1i ho\u1eb7c c\u00f4ng b\u1ed1 b\u1ea5t k\u1ef3 n\u1ed9i dung n\u00e0o t\u1eeb website m\u00e0 kh\u00f4ng c\u00f3 s\u1ef1 \u0111\u1ed3ng \u00fd b\u1eb1ng v\u0103n b\u1ea3n t\u1eeb JOLIFLAIR.<\/p><\/li><\/ul><h2 data-start=\"944\" data-end=\"966\">3. S\u1eed d\u1ee5ng h\u1ee3p ph\u00e1p<\/h2><ul data-start=\"967\" data-end=\"1270\"><li data-start=\"967\" data-end=\"1158\"><p data-start=\"969\" data-end=\"1158\">Qu\u00fd v\u1ecb cam k\u1ebft s\u1eed d\u1ee5ng website v\u00e0 c\u00e1c d\u1ecbch v\u1ee5 c\u1ee7a JOLIFLAIR <strong data-start=\"1029\" data-end=\"1057\">theo lu\u1eadt ph\u00e1p hi\u1ec7n h\u00e0nh<\/strong> v\u00e0 kh\u00f4ng s\u1eed d\u1ee5ng v\u00e0o c\u00e1c m\u1ee5c \u0111\u00edch tr\u00e1i ph\u00e1p lu\u1eadt, gian l\u1eadn ho\u1eb7c x\u00e2m ph\u1ea1m quy\u1ec1n l\u1ee3i c\u1ee7a b\u00ean th\u1ee9 ba.<\/p><\/li><li data-start=\"1159\" data-end=\"1270\"><p data-start=\"1161\" data-end=\"1270\">C\u1ea5m s\u1eed d\u1ee5ng website \u0111\u1ec3 ph\u00e1t t\u00e1n th\u00f4ng tin sai l\u1ec7ch, g\u00e2y h\u1ea1i, ho\u1eb7c ph\u00e1 ho\u1ea1i h\u1ec7 th\u1ed1ng, d\u1eef li\u1ec7u c\u1ee7a JOLIFLAIR.<\/p><\/li><\/ul><h2 data-start=\"1277\" data-end=\"1309\">4. N\u1ed9i dung do ng\u01b0\u1eddi d\u00f9ng g\u1eedi<\/h2><ul data-start=\"1310\" data-end=\"1637\"><li data-start=\"1310\" data-end=\"1482\"><p data-start=\"1312\" data-end=\"1482\">N\u1ebfu Qu\u00fd v\u1ecb g\u1eedi ph\u1ea3n h\u1ed3i, b\u00ecnh lu\u1eadn, \u0111\u00e1nh gi\u00e1 ho\u1eb7c n\u1ed9i dung kh\u00e1c l\u00ean website, Qu\u00fd v\u1ecb \u0111\u1ed3ng \u00fd r\u1eb1ng JOLIFLAIR c\u00f3 quy\u1ec1n s\u1eed d\u1ee5ng, ch\u1ec9nh s\u1eeda, c\u00f4ng b\u1ed1 ho\u1eb7c l\u01b0u tr\u1eef n\u1ed9i dung \u0111\u00f3.<\/p><\/li><li data-start=\"1483\" data-end=\"1637\"><p data-start=\"1485\" data-end=\"1637\">Qu\u00fd v\u1ecb ch\u1ecbu tr\u00e1ch nhi\u1ec7m ho\u00e0n to\u00e0n v\u1ec1 n\u1ed9i dung g\u1eedi l\u00ean website v\u00e0 \u0111\u1ea3m b\u1ea3o kh\u00f4ng vi ph\u1ea1m ph\u00e1p lu\u1eadt, quy\u1ec1n s\u1edf h\u1eefu tr\u00ed tu\u1ec7, ho\u1eb7c quy\u1ec1n l\u1ee3i c\u1ee7a ng\u01b0\u1eddi kh\u00e1c.<\/p><\/li><\/ul><h2 data-start=\"1644\" data-end=\"1673\">5. Li\u00ean k\u1ebft \u0111\u1ebfn b\u00ean th\u1ee9 ba<\/h2><p data-start=\"1674\" data-end=\"1911\">Website JOLIFLAIR c\u00f3 th\u1ec3 ch\u1ee9a c\u00e1c li\u00ean k\u1ebft \u0111\u1ebfn trang web c\u1ee7a b\u00ean th\u1ee9 ba. Vi\u1ec7c truy c\u1eadp c\u00e1c li\u00ean k\u1ebft n\u00e0y l\u00e0 ho\u00e0n to\u00e0n t\u1ef1 nguy\u1ec7n, v\u00e0 JOLIFLAIR <strong data-start=\"1815\" data-end=\"1841\">kh\u00f4ng ch\u1ecbu tr\u00e1ch nhi\u1ec7m<\/strong> v\u1ec1 n\u1ed9i dung, ch\u00ednh s\u00e1ch ho\u1eb7c ho\u1ea1t \u0111\u1ed9ng c\u1ee7a c\u00e1c trang web b\u00ean ngo\u00e0i.<\/p><h2 data-start=\"1918\" data-end=\"1939\">6. T\u1eeb ch\u1ed1i b\u1ea3o \u0111\u1ea3m<\/h2><p data-start=\"1940\" data-end=\"2177\">JOLIFLAIR c\u1ed1 g\u1eafng cung c\u1ea5p th\u00f4ng tin v\u00e0 d\u1ecbch v\u1ee5 ch\u00ednh x\u00e1c, nh\u01b0ng kh\u00f4ng th\u1ec3 \u0111\u1ea3m b\u1ea3o r\u1eb1ng website lu\u00f4n ho\u00e0n h\u1ea3o, li\u00ean t\u1ee5c, ho\u1eb7c kh\u00f4ng c\u00f3 l\u1ed7i k\u1ef9 thu\u1eadt.<br data-start=\"2088\" data-end=\"2091\" \/>Qu\u00fd v\u1ecb hi\u1ec3u v\u00e0 \u0111\u1ed3ng \u00fd r\u1eb1ng vi\u1ec7c s\u1eed d\u1ee5ng website l\u00e0 <strong data-start=\"2142\" data-end=\"2174\">theo r\u1ee7i ro c\u1ee7a ch\u00ednh Qu\u00fd v\u1ecb<\/strong>.<\/p><h2 data-start=\"2184\" data-end=\"2210\">7. Gi\u1edbi h\u1ea1n tr\u00e1ch nhi\u1ec7m<\/h2><p data-start=\"2211\" data-end=\"2438\">Trong m\u1ecdi tr\u01b0\u1eddng h\u1ee3p, JOLIFLAIR <strong data-start=\"2243\" data-end=\"2277\">kh\u00f4ng ch\u1ecbu tr\u00e1ch nhi\u1ec7m ph\u00e1p l\u00fd<\/strong> \u0111\u1ed1i v\u1edbi b\u1ea5t k\u1ef3 thi\u1ec7t h\u1ea1i tr\u1ef1c ti\u1ebfp, gi\u00e1n ti\u1ebfp, ho\u1eb7c h\u1eadu qu\u1ea3 n\u00e0o ph\u00e1t sinh t\u1eeb vi\u1ec7c s\u1eed d\u1ee5ng website ho\u1eb7c c\u00e1c d\u1ecbch v\u1ee5 li\u00ean quan, tr\u1eeb khi lu\u1eadt ph\u00e1p quy \u0111\u1ecbnh kh\u00e1c.<\/p><h2 data-start=\"2445\" data-end=\"2470\">8. Thay \u0111\u1ed5i \u0111i\u1ec1u kho\u1ea3n<\/h2><p data-start=\"2471\" data-end=\"2726\">JOLIFLAIR c\u00f3 quy\u1ec1n c\u1eadp nh\u1eadt ho\u1eb7c s\u1eeda \u0111\u1ed5i \u0110i\u1ec1u Kho\u1ea3n S\u1eed D\u1ee5ng n\u00e0y b\u1ea5t k\u1ef3 l\u00fac n\u00e0o. M\u1ed7i khi c\u00f3 thay \u0111\u1ed5i quan tr\u1ecdng, ch\u00fang t\u00f4i s\u1ebd th\u00f4ng b\u00e1o tr\u00ean website. Vi\u1ec7c ti\u1ebfp t\u1ee5c s\u1eed d\u1ee5ng website sau khi c\u1eadp nh\u1eadt \u0111\u1ed3ng ngh\u0129a v\u1edbi vi\u1ec7c Qu\u00fd v\u1ecb \u0111\u1ed3ng \u00fd v\u1edbi c\u00e1c \u0111i\u1ec1u kho\u1ea3n m\u1edbi.<\/p>\t\t\t\t\t\t\t\t<\/div>\n\t\t\t\t<\/div>\n\t\t\t\t<\/div>\n\t\t<div class=\"elementor-element elementor-element-9731e44 e-flex e-con-boxed e-con e-parent\" data-id=\"9731e44\" data-element_type=\"container\">\n\t\t\t\t\t<div class=\"e-con-inner\">\n\t\t\t\t<div class=\"elementor-element elementor-element-b9fa5e6 elementor-widget elementor-widget-spacer\" data-id=\"b9fa5e6\" data-element_type=\"widget\" data-widget_type=\"spacer.default\">\n\t\t\t\t<div class=\"elementor-widget-container\">\n\t\t\t\t\t\t\t<div class=\"elementor-spacer\">\n\t\t\t<div class=\"elementor-spacer-inner\"><\/div>\n\t\t<\/div>\n\t\t\t\t\t\t<\/div>\n\t\t\t\t<\/div>\n\t\t\t\t\t<\/div>\n\t\t\t\t<\/div>\n\t\t\t\t<\/div>","protected":false},"excerpt":{"rendered":"<p>\u0110i\u1ec1u Kho\u1ea3n S\u1eed D\u1ee5ng \u2013 JOLIFLAIR 1. L\u1eddi \u0111\u1ea7u Ch\u00e0o m\u1eebng Qu\u00fd kh\u00e1ch h\u00e0ng v\u00e0 \u0111\u1ed1i t\u00e1c \u0111\u1ebfn v\u1edbi website JOLIFLAIR. Khi truy c\u1eadp v\u00e0 s\u1eed d\u1ee5ng website n\u00e0y, Qu\u00fd v\u1ecb \u0111\u1ed3ng \u00fd tu\u00e2n th\u1ee7 c\u00e1c \u0110i\u1ec1u Kho\u1ea3n S\u1eed D\u1ee5ng sau. N\u1ebfu Qu\u00fd v\u1ecb kh\u00f4ng \u0111\u1ed3ng \u00fd v\u1edbi b\u1ea5t k\u1ef3 \u0111i\u1ec1u kho\u1ea3n n\u00e0o, vui l\u00f2ng&#8230;<\/p>","protected":false},"author":1,"featured_media":0,"parent":0,"menu_order":0,"comment_status":"closed","ping_status":"closed","template":"","meta":{"_kad_post_transparent":"","_kad_post_title":"hide","_kad_post_layout":"fullwidth","_kad_post_sidebar_id":"","_kad_post_content_style":"unboxed","_kad_post_vertical_padding":"hide","_kad_post_feature":"hide","_kad_post_feature_position":"","_kad_post_header":false,"_kad_post_footer":false,"_kad_post_classname":"","footnotes":""},"class_list":["post-2380","page","type-page","status-publish","hentry"],"_links":{"self":[{"href":"https:\/\/build.joliflair.com\/fr\/wp-json\/wp\/v2\/pages\/2380","targetHints":{"allow":["GET"]}}],"collection":[{"href":"https:\/\/build.joliflair.com\/fr\/wp-json\/wp\/v2\/pages"}],"about":[{"href":"https:\/\/build.joliflair.com\/fr\/wp-json\/wp\/v2\/types\/page"}],"author":[{"embeddable":true,"href":"https:\/\/build.joliflair.com\/fr\/wp-json\/wp\/v2\/users\/1"}],"replies":[{"embeddable":true,"href":"https:\/\/build.joliflair.com\/fr\/wp-json\/wp\/v2\/comments?post=2380"}],"version-history":[{"count":13,"href":"https:\/\/build.joliflair.com\/fr\/wp-json\/wp\/v2\/pages\/2380\/revisions"}],"predecessor-version":[{"id":2410,"href":"https:\/\/build.joliflair.com\/fr\/wp-json\/wp\/v2\/pages\/2380\/revisions\/2410"}],"wp:attachment":[{"href":"https:\/\/build.joliflair.com\/fr\/wp-json\/wp\/v2\/media?parent=2380"}],"curies":[{"name":"wp","href":"https:\/\/api.w.org\/{rel}","templated":true}]}}